{"id":704,"date":"2023-01-14T13:53:44","date_gmt":"2023-01-14T12:53:44","guid":{"rendered":"http:\/\/innovation-alzheimer.fr\/nouveau-site\/?page_id=704"},"modified":"2023-01-14T13:58:41","modified_gmt":"2023-01-14T12:58:41","slug":"agap-journee-patrimoine-2022","status":"publish","type":"page","link":"http:\/\/innovation-alzheimer.fr\/ohlala\/agap-journee-patrimoine-2022\/","title":{"rendered":"AGAP Journ\u00e9e patrimoine 2022"},"content":{"rendered":"\n<p><strong>AGAP est un programme mis en place par l\u2019association IA&nbsp; pour d\u00e9velopper des conf\u00e9rences, expositions, programmes de recherche, applications.&nbsp;<\/strong><\/p>\n\n\n\n<p><strong>Dans ce cadre ces compositions ont \u00e9t\u00e9 r\u00e9alis\u00e9e par le photographe Vincent Robert pour la journ\u00e9e du Patrimoine de Morsiglia le 9 Juillet 2022. Elles suivent le principe utilis\u00e9 par l\u2019artiste dans plusieurs de ses oeuvres avec l\u2019id\u00e9e forte que la multiplicit\u00e9 des photographies dans une composition donne plus de libert\u00e9 \u00e0 l\u2019\u0153il du spectateur et offre au regard un pouvoir d\u2019interpr\u00e9tation plus grand. En obligeant \u00e0 un effort d\u2019observation active dans sa reconnaissance des images et des lieux et dans sa recherche vers la d\u00e9couverte d\u2019un sens personnel ou universel aux associations de photographies.<\/strong><\/p>\n\n\n\n<p>Vous trouverez ci dessous une vid\u00e9o sur l\u2019\u00e9v\u00e9nement du 9 juillet 2022 ainsi que les interviews d\u2019artistes et de personnalit\u00e9s du monde de la sant\u00e9.<\/p>\n\n\n\n<figure class=\"wp-block-embed is-type-rich is-provider-prise-en-charge-des-contenus-embarques wp-block-embed-prise-en-charge-des-contenus-embarques wp-embed-aspect-16-9 wp-has-aspect-ratio\"><div class=\"wp-block-embed__wrapper\">\n<iframe loading=\"lazy\" title=\"Art &amp; sant\u00e9 9 Juillet pr\u00e9sentation\" width=\"500\" height=\"281\" src=\"https:\/\/www.youtube.com\/embed\/IvK6qgtduR4?feature=oembed\" frameborder=\"0\" allow=\"accelerometer; autoplay; clipboard-write; encrypted-media; gyroscope; picture-in-picture; web-share\" referrerpolicy=\"strict-origin-when-cross-origin\" allowfullscreen><\/iframe>\n<\/div><\/figure>\n\n\n\n<p class=\"has-medium-font-size\">Interviews scientifiques <\/p>\n\n\n\n<ul class=\"wp-block-list\">\n<li><a href=\"https:\/\/youtu.be\/6YO1GWbA6jQ\" data-type=\"URL\" data-id=\"https:\/\/youtu.be\/6YO1GWbA6jQ\">Pr Bruce Miller<\/a><\/li>\n\n\n\n<li><a href=\"https:\/\/youtu.be\/KQG6pcNNWW0\" data-type=\"URL\" data-id=\"https:\/\/youtu.be\/KQG6pcNNWW0\">Pr Adam Gazzaley<\/a><\/li>\n\n\n\n<li><a href=\"https:\/\/youtu.be\/gA0ax67JpRo\" data-type=\"URL\" data-id=\"https:\/\/youtu.be\/gA0ax67JpRo\">Pr Guy Darcourt<\/a><\/li>\n\n\n\n<li><a href=\"https:\/\/youtu.be\/z8tb4sQ-IDw\" data-type=\"URL\" data-id=\"https:\/\/youtu.be\/z8tb4sQ-IDw\">Pr Georges Ravis Giordana<\/a><\/li>\n<\/ul>\n\n\n\n<p class=\"has-medium-font-size\">Interviews artistes<\/p>\n\n\n\n<ul class=\"wp-block-list\">\n<li><a href=\"https:\/\/youtu.be\/sfoxbIOLKGU\" data-type=\"URL\" data-id=\"https:\/\/youtu.be\/sfoxbIOLKGU\">Yves Grollemund \u2013 Musicien compositeur<\/a><\/li>\n\n\n\n<li><a href=\"https:\/\/youtu.be\/mAybwxKHIdo\" data-type=\"URL\" data-id=\"https:\/\/youtu.be\/mAybwxKHIdo\">Emma Febvre-Richards \u2013 Art th\u00e9rapeute<\/a><\/li>\n\n\n\n<li><a href=\"https:\/\/youtu.be\/-Axa-sVmuEE\" data-type=\"URL\" data-id=\"https:\/\/youtu.be\/-Axa-sVmuEE\">Ben &#8211; Artiste<\/a><\/li>\n\n\n\n<li><a href=\"https:\/\/youtu.be\/FY4WCpb0U3M\" data-type=\"URL\" data-id=\"https:\/\/youtu.be\/FY4WCpb0U3M\">Pierre Barat \u2013 Artiste peintre<\/a><\/li>\n<\/ul>\n\n\n\n<p><\/p>\n\n\n\n<p>Depuis 1991, l\u2019association Morsiglia Patrimoine (loi 1901 \u00e0 but non lucratif) pour la conservation et la valorisation du patrimoine de Morsiglia a pour objet d\u2019en assurer la sauvegarde et de permettre sa conservation.&nbsp;<\/p>\n\n\n\n<p>La restauration de l\u2019\u00e9glise paroissiale de St Cyprien (1570) fait partie de ses missions et Morsiglia Patrimoine projette diverses actions culturelles et caritatives pour r\u00e9unir les fonds n\u00e9cessaires pour atteindre ce but.<\/p>\n\n\n\n<p>La vente des compositions photographiques de Vincent Robert est l\u2019une de ces actions. le prix de chaque composition est fix\u00e9 \u00e0 300 euros<\/p>\n\n\n\n<p>Pour tout renseignement&nbsp;:&nbsp;<a class=\"\" href=\"mailto:morsiglia.patrimoine@gmail.com\">morsiglia.patrimoine@gmail.com<\/a><\/p>\n\n\n\n<p>D\u00e9tails techniques des tirages :<\/p>\n\n\n\n<p>Impression jet d\u2019encre pigmentaire sur Premium Photo Paper 260-285 g\/m2 \u2013 format 100\u00d765 cm \/&nbsp;Collage sur PVC 5 mm<\/p>\n\n\n\n<figure class=\"wp-block-image aligncenter\"><img decoding=\"async\" src=\"http:\/\/www.innovation-alzheimer.fr\/wp-content\/uploads\/2022\/07\/Compositions-CorseMorsigliac.jpg\" alt=\"\" class=\"wp-image-7026\"\/><figcaption class=\"wp-element-caption\"><strong>1<\/strong><\/figcaption><\/figure>\n\n\n\n<figure class=\"wp-block-image aligncenter\"><img decoding=\"async\" src=\"http:\/\/www.innovation-alzheimer.fr\/wp-content\/uploads\/2022\/07\/Compositions-CorseMorsiglia2.jpg\" alt=\"\" class=\"wp-image-7028\"\/><figcaption class=\"wp-element-caption\"><strong>2<\/strong><\/figcaption><\/figure>\n\n\n\n<figure class=\"wp-block-image aligncenter\"><img decoding=\"async\" src=\"http:\/\/www.innovation-alzheimer.fr\/wp-content\/uploads\/2022\/07\/Compositions-CorseMorsiglia3.jpg\" alt=\"\" class=\"wp-image-7029\"\/><figcaption class=\"wp-element-caption\"><strong>3<\/strong><\/figcaption><\/figure>\n\n\n\n<figure class=\"wp-block-image aligncenter\"><img decoding=\"async\" src=\"http:\/\/www.innovation-alzheimer.fr\/wp-content\/uploads\/2022\/07\/Compositions-CorseMorsiglia4.jpg\" alt=\"\" class=\"wp-image-7030\"\/><figcaption class=\"wp-element-caption\"><strong>4<\/strong><\/figcaption><\/figure>\n\n\n\n<figure class=\"wp-block-image aligncenter\"><img decoding=\"async\" src=\"http:\/\/www.innovation-alzheimer.fr\/wp-content\/uploads\/2022\/07\/Compositions-CorseMorsiglia5c.jpg\" alt=\"\" class=\"wp-image-7031\"\/><figcaption class=\"wp-element-caption\"><strong>5<\/strong><\/figcaption><\/figure>\n\n\n\n<figure class=\"wp-block-image aligncenter\"><img decoding=\"async\" src=\"http:\/\/www.innovation-alzheimer.fr\/wp-content\/uploads\/2022\/07\/Compositions-CorseMorsiglia6c.jpg\" alt=\"\" class=\"wp-image-7032\"\/><figcaption class=\"wp-element-caption\"><strong>6<\/strong><\/figcaption><\/figure>\n\n\n\n<figure class=\"wp-block-image aligncenter\"><img decoding=\"async\" src=\"http:\/\/www.innovation-alzheimer.fr\/wp-content\/uploads\/2022\/07\/Compositions-CorseMorsiglia7c.jpg\" alt=\"\" class=\"wp-image-7033\"\/><figcaption class=\"wp-element-caption\"><strong>7<\/strong><\/figcaption><\/figure>\n\n\n\n<figure class=\"wp-block-image aligncenter\"><img decoding=\"async\" src=\"http:\/\/www.innovation-alzheimer.fr\/wp-content\/uploads\/2022\/07\/Compositions-CorseMorsiglia8c.jpg\" alt=\"\" class=\"wp-image-7034\"\/><figcaption class=\"wp-element-caption\"><strong>8<\/strong><\/figcaption><\/figure>\n\n\n\n<figure class=\"wp-block-image aligncenter\"><img decoding=\"async\" src=\"http:\/\/www.innovation-alzheimer.fr\/wp-content\/uploads\/2022\/07\/Compositions-CorseMorsiglia9.jpg\" alt=\"\" class=\"wp-image-7035\"\/><figcaption class=\"wp-element-caption\"><strong>9<\/strong><\/figcaption><\/figure>\n\n\n\n<figure class=\"wp-block-image aligncenter\"><img decoding=\"async\" src=\"http:\/\/www.innovation-alzheimer.fr\/wp-content\/uploads\/2022\/07\/Compositions-CorseMorsiglia10c.jpg\" alt=\"\" class=\"wp-image-7036\"\/><figcaption class=\"wp-element-caption\"><strong>10<\/strong><\/figcaption><\/figure>\n\n\n\n<figure class=\"wp-block-image aligncenter\"><img decoding=\"async\" src=\"http:\/\/www.innovation-alzheimer.fr\/wp-content\/uploads\/2022\/07\/Compositions-CorseMorsiglia11.jpg\" alt=\"\" class=\"wp-image-7037\"\/><figcaption class=\"wp-element-caption\"><strong>11<\/strong><\/figcaption><\/figure>\n","protected":false},"excerpt":{"rendered":"<p>AGAP est un programme mis en place par l\u2019association IA&nbsp; pour d\u00e9velopper des conf\u00e9rences, expositions, programmes de recherche, applications.&nbsp; Dans ce cadre ces compositions ont \u00e9t\u00e9 r\u00e9alis\u00e9e par le photographe Vincent Robert pour la journ\u00e9e du Patrimoine de Morsiglia le 9 Juillet 2022. Elles suivent le principe utilis\u00e9 par l\u2019artiste dans plusieurs de ses oeuvres [&hellip;]<\/p>\n","protected":false},"author":3,"featured_media":0,"parent":0,"menu_order":0,"comment_status":"closed","ping_status":"closed","template":"","meta":{"footnotes":""},"class_list":["post-704","page","type-page","status-publish","hentry"],"_links":{"self":[{"href":"http:\/\/innovation-alzheimer.fr\/ohlala\/wp-json\/wp\/v2\/pages\/704","targetHints":{"allow":["GET"]}}],"collection":[{"href":"http:\/\/innovation-alzheimer.fr\/ohlala\/wp-json\/wp\/v2\/pages"}],"about":[{"href":"http:\/\/innovation-alzheimer.fr\/ohlala\/wp-json\/wp\/v2\/types\/page"}],"author":[{"embeddable":true,"href":"http:\/\/innovation-alzheimer.fr\/ohlala\/wp-json\/wp\/v2\/users\/3"}],"replies":[{"embeddable":true,"href":"http:\/\/innovation-alzheimer.fr\/ohlala\/wp-json\/wp\/v2\/comments?post=704"}],"version-history":[{"count":5,"href":"http:\/\/innovation-alzheimer.fr\/ohlala\/wp-json\/wp\/v2\/pages\/704\/revisions"}],"predecessor-version":[{"id":711,"href":"http:\/\/innovation-alzheimer.fr\/ohlala\/wp-json\/wp\/v2\/pages\/704\/revisions\/711"}],"wp:attachment":[{"href":"http:\/\/innovation-alzheimer.fr\/ohlala\/wp-json\/wp\/v2\/media?parent=704"}],"curies":[{"name":"wp","href":"https:\/\/api.w.org\/{rel}","templated":true}]}}