{"id":567,"date":"2022-12-24T09:33:16","date_gmt":"2022-12-24T08:33:16","guid":{"rendered":"http:\/\/innovation-alzheimer.fr\/nouveau-site\/?page_id=567"},"modified":"2023-01-14T13:43:38","modified_gmt":"2023-01-14T12:43:38","slug":"adapt-ou-pas","status":"publish","type":"page","link":"http:\/\/innovation-alzheimer.fr\/ohlala\/adapt-ou-pas\/","title":{"rendered":"ADAPT OU PAS"},"content":{"rendered":"\n<figure class=\"wp-block-image aligncenter\"><img decoding=\"async\" src=\"http:\/\/www.innovation-alzheimer.fr\/wp-content\/uploads\/2019\/11\/Logo-adapt-1024x180.png\" alt=\"\" class=\"wp-image-5483\"\/><\/figure>\n\n\n\n<h1 class=\"wp-block-heading\"><\/h1>\n\n\n\n<figure class=\"wp-block-image alignleft is-resized\"><img loading=\"lazy\" decoding=\"async\" src=\"http:\/\/www.innovation-alzheimer.fr\/wp-content\/uploads\/2019\/11\/couple-avec-fond-vert-clair-724x1024.png\" alt=\"\" class=\"wp-image-5491\" width=\"362\" height=\"512\"\/><\/figure>\n\n\n\n<p><strong>Le jeu est d\u00e9sormais&nbsp;<a rel=\"noreferrer noopener\" href=\"https:\/\/www.helloasso.com\/associations\/innovation-alzheimer\/formulaires\/2\" target=\"_blank\"><u>disponible \u00e0 la vente<\/u><\/a>&nbsp;en \u00e9change d\u2019un don de 90\u20ac ou plus. Pour un don de 90\u20ac, le co\u00fbt final apr\u00e8s d\u00e9fiscalisation est de 31\u20ac pour un particulier et 36\u20ac pour une entreprise. Ce montant permet de couvrir l\u2019int\u00e9gralit\u00e9 du co\u00fbt du jeu et de l\u2019envoi en France M\u00e9tropolitaine.<br>Si vous ne pouvez pas faire de don, le jeu est vendu \u00e0 un prix de 45\u20ac.<br>Si vous souhaitez faire un don par ch\u00e8que ou acheter le jeu, envoyez-nous un ch\u00e8que \u00e0 l\u2019ordre Association IA \u00e0 l\u2019adresse&nbsp;:&nbsp;10 rue Moli\u00e8re,&nbsp;06100 Nice<\/strong><\/p>\n\n\n\n<p>Ce jeu de soci\u00e9t\u00e9 d\u00e9velopp\u00e9 est un nouvel outil p\u00e9dagogique \u00e0 destination des enfants&nbsp;qui a pour objectifs&nbsp;:&nbsp;<\/p>\n\n\n\n<ul class=\"wp-block-list\">\n<li><strong>D\u2019expliquer aux enfants la maladie d\u2019Alzheimer et comment r\u00e9agir face aux troubles du comportement<\/strong>&nbsp;du proche malade,<\/li>\n\n\n\n<li>Par le biais des enfants, d\u2019expliquer aux parents (ou aux autres proches plus \u00e2g\u00e9s) la maladie d\u2019Alzheimer et comment r\u00e9agir,<\/li>\n\n\n\n<li>D\u2019inciter le dialogue entre g\u00e9n\u00e9rations sur la maladie et les comportements \u00e0 adopter face au proche malade.&nbsp;&nbsp;<\/li>\n<\/ul>\n\n\n\n<p>Ce jeu est un compl\u00e9ment aux outils tels que les livres ou les sites internet existants.&nbsp;<\/p>\n\n\n\n<p><strong>Adapt\u2019ou Pas<\/strong>&nbsp;est un jeu de plateau pour 4 joueurs dans lequel le premier qui passe la ligne d\u2019arriv\u00e9e a gagn\u00e9.&nbsp;Le jeu pr\u00e9sente des situations de vie o\u00f9 un enfant r\u00e9agit face \u00e0 un trouble du grand-parent d\u00fb \u00e0 la maladie d\u2019Alzheimer. Pour gagner, les joueurs doivent dire le plus rapidement possible si l\u2019enfant a bien r\u00e9agi (Adapt) ou mal (Ou pas). Le premier qui tape sur la zone correspondante avance d\u2019une case. Les joueurs qui se sont tromp\u00e9s reculent.&nbsp;<\/p>\n\n\n\n<p><strong>Adapt\u2019ou Pas<\/strong>&nbsp;a \u00e9t\u00e9 con\u00e7u pour que, lors d\u2019une partie, les joueurs soient confront\u00e9s de fa\u00e7on r\u00e9aliste aux troubles, les troubles les plus fr\u00e9quents dans la vie, sont \u00e9galement les plus fr\u00e9quents dans le jeu. Quant aux comportements \u00e0 adopter et \u00e0 \u00e9viter, ils ont \u00e9t\u00e9 eux aussi r\u00e9p\u00e9t\u00e9s suffisamment pour que les joueurs les aient assimil\u00e9s \u00e0 la fin de la partie.&nbsp;<\/p>\n\n\n\n<p><strong>Adapt\u2019ou Pas<\/strong>&nbsp;a \u00e9t\u00e9 test\u00e9 par des familles et des professionnels de sant\u00e9 (ESA, CMRR), notamment lors du Festival International des Jeux de Cannes 2019 et les retours ont \u00e9t\u00e9 tr\u00e8s positifs.&nbsp;<\/p>\n\n\n\n<p><strong><em>&nbsp;\u00ab&nbsp;Gr\u00e2ce \u00e0 votre jeu, je me rends compte que je n\u2019avais pas la bonne attitude avec mon p\u00e8re malade, je pensais qu\u2019il faisait expr\u00e8s. Je vois qu\u2019il faut que je change ma fa\u00e7on de faire avec lui&nbsp;\u00bb<\/em><\/strong><\/p>\n\n\n\n<p>Pour plus de renseignements, n\u2019h\u00e9sitez pas \u00e0 nous contacter par mail&nbsp;<a href=\"mailto:contact@innovation-alzheimer.fr\">contact@innovation-alzheimer.fr<\/a>&nbsp;<\/p>\n\n\n\n<figure class=\"wp-block-image aligncenter\"><img decoding=\"async\" src=\"http:\/\/www.innovation-alzheimer.fr\/wp-content\/uploads\/2019\/11\/Photo-plateau-Mamie-1024x576.jpg\" alt=\"\" class=\"wp-image-5486\"\/><\/figure>\n\n\n\n<figure class=\"wp-block-image aligncenter\"><img decoding=\"async\" src=\"http:\/\/www.innovation-alzheimer.fr\/wp-content\/uploads\/2019\/11\/Photo-plateau-Papi-1024x576.jpg\" alt=\"\" class=\"wp-image-5487\"\/><\/figure>\n\n\n\n<p><strong>\u00a0 \u00a0 \u00a0 \u00a0 \u00a0 \u00a0 \u00a0 \u00a0 \u00a0 \u00a0 \u00a0 \u00a0 \u00a0 \u00a0 \u00a0 \u00a0 \u00a0 \u00a0 \u00a0 \u00a0 \u00a0 \u00a0 \u00a0 \u00a0 \u00a0 \u00a0 \u00a0 \u00a0 \u00a0 \u00a0 \u00a0 \u00a0 \u00a0 \u00a0 \u00a0 Projet r\u00e9alis\u00e9 par l\u2019association IA\u00a0\u00a0et financ\u00e9 par la\u00a0CNSA<\/strong>.<\/p>\n","protected":false},"excerpt":{"rendered":"<p>Le jeu est d\u00e9sormais&nbsp;disponible \u00e0 la vente&nbsp;en \u00e9change d\u2019un don de 90\u20ac ou plus. Pour un don de 90\u20ac, le co\u00fbt final apr\u00e8s d\u00e9fiscalisation est de 31\u20ac pour un particulier et 36\u20ac pour une entreprise. Ce montant permet de couvrir l\u2019int\u00e9gralit\u00e9 du co\u00fbt du jeu et de l\u2019envoi en France M\u00e9tropolitaine.Si vous ne pouvez pas [&hellip;]<\/p>\n","protected":false},"author":3,"featured_media":0,"parent":0,"menu_order":0,"comment_status":"closed","ping_status":"closed","template":"","meta":{"footnotes":""},"class_list":["post-567","page","type-page","status-publish","hentry"],"_links":{"self":[{"href":"http:\/\/innovation-alzheimer.fr\/ohlala\/wp-json\/wp\/v2\/pages\/567","targetHints":{"allow":["GET"]}}],"collection":[{"href":"http:\/\/innovation-alzheimer.fr\/ohlala\/wp-json\/wp\/v2\/pages"}],"about":[{"href":"http:\/\/innovation-alzheimer.fr\/ohlala\/wp-json\/wp\/v2\/types\/page"}],"author":[{"embeddable":true,"href":"http:\/\/innovation-alzheimer.fr\/ohlala\/wp-json\/wp\/v2\/users\/3"}],"replies":[{"embeddable":true,"href":"http:\/\/innovation-alzheimer.fr\/ohlala\/wp-json\/wp\/v2\/comments?post=567"}],"version-history":[{"count":5,"href":"http:\/\/innovation-alzheimer.fr\/ohlala\/wp-json\/wp\/v2\/pages\/567\/revisions"}],"predecessor-version":[{"id":703,"href":"http:\/\/innovation-alzheimer.fr\/ohlala\/wp-json\/wp\/v2\/pages\/567\/revisions\/703"}],"wp:attachment":[{"href":"http:\/\/innovation-alzheimer.fr\/ohlala\/wp-json\/wp\/v2\/media?parent=567"}],"curies":[{"name":"wp","href":"https:\/\/api.w.org\/{rel}","templated":true}]}}