{"id":40,"date":"2022-09-15T13:04:35","date_gmt":"2022-09-15T11:04:35","guid":{"rendered":"http:\/\/innovation-alzheimer.fr\/nouveau-site\/?page_id=40"},"modified":"2023-05-11T15:58:56","modified_gmt":"2023-05-11T13:58:56","slug":"contact","status":"publish","type":"page","link":"http:\/\/innovation-alzheimer.fr\/ohlala\/contact\/","title":{"rendered":"CONTACT"},"content":{"rendered":"\n<p class=\"has-text-color has-large-font-size\" style=\"color:#51aee9\"><strong>CONTACT<\/strong><\/p>\n\n\n\n<p>\u00c9quipe COBTEK, Association IA<\/p>\n\n\n\n<p>Center M\u00e9moire, Institut Claude Pompidou, 10 rue Moli\u00e8re 06100, Nice<\/p>\n\n\n\n<ul class=\"wp-block-list\">\n<li><a href=\"mailto:contact@innovation-alzheimer.fr\">contact@innovation-alzheimer.fr<\/a><\/li>\n\n\n\n<li><a href=\"mailto:Francoise.PASTURAUD@univ-cotedazur.fr\">Francoise.PASTURAUD@univ-cotedazur.fr<\/a><\/li>\n<\/ul>\n","protected":false},"excerpt":{"rendered":"<p>CONTACT \u00c9quipe COBTEK, Association IA Center M\u00e9moire, Institut Claude Pompidou, 10 rue Moli\u00e8re 06100, Nice<\/p>\n","protected":false},"author":3,"featured_media":0,"parent":0,"menu_order":0,"comment_status":"closed","ping_status":"closed","template":"","meta":{"footnotes":""},"class_list":["post-40","page","type-page","status-publish","hentry"],"_links":{"self":[{"href":"http:\/\/innovation-alzheimer.fr\/ohlala\/wp-json\/wp\/v2\/pages\/40","targetHints":{"allow":["GET"]}}],"collection":[{"href":"http:\/\/innovation-alzheimer.fr\/ohlala\/wp-json\/wp\/v2\/pages"}],"about":[{"href":"http:\/\/innovation-alzheimer.fr\/ohlala\/wp-json\/wp\/v2\/types\/page"}],"author":[{"embeddable":true,"href":"http:\/\/innovation-alzheimer.fr\/ohlala\/wp-json\/wp\/v2\/users\/3"}],"replies":[{"embeddable":true,"href":"http:\/\/innovation-alzheimer.fr\/ohlala\/wp-json\/wp\/v2\/comments?post=40"}],"version-history":[{"count":3,"href":"http:\/\/innovation-alzheimer.fr\/ohlala\/wp-json\/wp\/v2\/pages\/40\/revisions"}],"predecessor-version":[{"id":1177,"href":"http:\/\/innovation-alzheimer.fr\/ohlala\/wp-json\/wp\/v2\/pages\/40\/revisions\/1177"}],"wp:attachment":[{"href":"http:\/\/innovation-alzheimer.fr\/ohlala\/wp-json\/wp\/v2\/media?parent=40"}],"curies":[{"name":"wp","href":"https:\/\/api.w.org\/{rel}","templated":true}]}}