{"id":34,"date":"2023-05-08T16:36:52","date_gmt":"2023-05-08T14:36:52","guid":{"rendered":"http:\/\/innovation-alzheimer.fr\/nouveau-site\/?page_id=34"},"modified":"2024-09-18T11:28:31","modified_gmt":"2024-09-18T09:28:31","slug":"evenements","status":"publish","type":"page","link":"http:\/\/innovation-alzheimer.fr\/ohlala\/evenements\/","title":{"rendered":"\u00c9V\u00c8NEMENTS"},"content":{"rendered":"<h1><span style=\"color: #51aee9;\">\u00c9v\u00e9nements<\/span><\/h1>\n<h3><span style=\"color: #000000;\">Liste des prochains \u00e9v\u00e9nements :<\/span><\/h3>\n<h3><a href=\"https:\/\/fr.ulule.com\/fresque-de-tripoli\/\"><span style=\"color: #ff0000;\">&#8211; Campagne participative pour le livre de photographie Fresque de Tripoli soutenu par le programme Art &amp; Sant\u00e9 de l&rsquo;association IA.<\/span><\/a><\/h3>\n<h3><a href=\"https:\/\/forms.office.com\/pages\/responsepage.aspx?id=DQSIkWdsW0yxEjajBLZtrQAAAAAAAAAAAAMAANUMSUdUN0FaUURMVjY1NEhBUldORU1ZTFVTMzZRNi4u&amp;route=shorturl\"><span style=\"color: #ff0000;\">&#8211; Le cin\u00e9ma et son traitement des psychotraumatismes Cin\u00e9-d\u00e9bat du 14 novembre 2024<\/span><\/a><\/h3>\n<h3><a href=\"http:\/\/innovation-alzheimer.fr\/ohlala\/wp-content\/uploads\/2024\/09\/Affiche-et-Programme-Stress-Trauma-across-the-lifepan.pdf\"><span style=\"color: #ff0000;\">&#8211; Stress &amp; Trauma across the lifespan &#8211; Centre Universitaire M\u00e9diterran\u00e9en 18 novembre 2024<\/span><\/a><\/h3>\n<h3><a href=\"http:\/\/innovation-alzheimer.fr\/ohlala\/50-ans-departement-orthophonie-nice\/\"><span style=\"color: #ff0000;\">&#8211; Venez c\u00e9l\u00e9brer les 50 ans du D\u00e9partement d\u2019Orthophonie de Nice ! &#8211; 18 Octobre 2024<\/span><\/a><\/h3>\n<h3><span style=\"color: #ff0000;\">&#8211; <a style=\"color: #ff0000;\" href=\"https:\/\/www.helloasso.com\/associations\/innovation-alzheimer\/evenements\/les-memotives-2eme-edition\">21 Septembre 2024: les M\u00e9motiv\u00e9s 2: Inscrivez vous !<\/a><\/span><\/h3>\n<h3><span style=\"color: #ff0000;\">&#8211; Les 18 et 19 Juin l\u2019Institut Claude Pompidou a f\u00eat\u00e9 ses 10 ans. \u00c0 cette occasion t\u00e9l\u00e9chargez et lisez \u00a0l\u2019article <a href=\"http:\/\/innovation-alzheimer.fr\/ohlala\/wp-content\/uploads\/2024\/06\/Art-recherche-ICP.pdf\">Art et recherche Clinique : \u00a010 ans d\u2019exp\u00e9rience \u00e0 l\u2019Institut Claude Pompidou<\/a>.<\/span><\/h3>\n<hr \/>\n<h4>Les \u00e9v\u00e9nements pass\u00e9s sont disponibles dans les <span style=\"color: #51aee9;\"><a style=\"color: #51aee9;\" href=\"http:\/\/innovation-alzheimer.fr\/ohlala\/archives\/\">archives<\/a><\/span>.<\/h4>\n","protected":false},"excerpt":{"rendered":"<p>\u00c9v\u00e9nements Liste des prochains \u00e9v\u00e9nements : &#8211; Campagne participative pour le livre de photographie Fresque de Tripoli soutenu par le programme Art &amp; Sant\u00e9 de l&rsquo;association IA. &#8211; Le cin\u00e9ma et son traitement des psychotraumatismes Cin\u00e9-d\u00e9bat du 14 novembre 2024 &#8211; Stress &amp; Trauma across the lifespan &#8211; Centre Universitaire M\u00e9diterran\u00e9en 18 novembre 2024 &#8211; [&hellip;]<\/p>\n","protected":false},"author":3,"featured_media":0,"parent":0,"menu_order":0,"comment_status":"closed","ping_status":"closed","template":"","meta":{"footnotes":""},"class_list":["post-34","page","type-page","status-publish","hentry"],"_links":{"self":[{"href":"http:\/\/innovation-alzheimer.fr\/ohlala\/wp-json\/wp\/v2\/pages\/34","targetHints":{"allow":["GET"]}}],"collection":[{"href":"http:\/\/innovation-alzheimer.fr\/ohlala\/wp-json\/wp\/v2\/pages"}],"about":[{"href":"http:\/\/innovation-alzheimer.fr\/ohlala\/wp-json\/wp\/v2\/types\/page"}],"author":[{"embeddable":true,"href":"http:\/\/innovation-alzheimer.fr\/ohlala\/wp-json\/wp\/v2\/users\/3"}],"replies":[{"embeddable":true,"href":"http:\/\/innovation-alzheimer.fr\/ohlala\/wp-json\/wp\/v2\/comments?post=34"}],"version-history":[{"count":56,"href":"http:\/\/innovation-alzheimer.fr\/ohlala\/wp-json\/wp\/v2\/pages\/34\/revisions"}],"predecessor-version":[{"id":2652,"href":"http:\/\/innovation-alzheimer.fr\/ohlala\/wp-json\/wp\/v2\/pages\/34\/revisions\/2652"}],"wp:attachment":[{"href":"http:\/\/innovation-alzheimer.fr\/ohlala\/wp-json\/wp\/v2\/media?parent=34"}],"curies":[{"name":"wp","href":"https:\/\/api.w.org\/{rel}","templated":true}]}}