{"id":2543,"date":"2024-05-28T19:41:49","date_gmt":"2024-05-28T17:41:49","guid":{"rendered":"http:\/\/cobtek.fr\/?page_id=2543"},"modified":"2024-08-03T17:57:25","modified_gmt":"2024-08-03T15:57:25","slug":"50-ans-departement-orthophonie-nice","status":"publish","type":"page","link":"http:\/\/innovation-alzheimer.fr\/ohlala\/50-ans-departement-orthophonie-nice\/","title":{"rendered":"50 ans &#8211; D\u00e9partement Orthophonie Nice"},"content":{"rendered":"\n<p>En 2024, le D\u00e9partement d&rsquo;Orthophonie de Nice (DON) f\u00eatera ses 50 ans d&rsquo;existence. Un anniversaire que nous serons heureux de c\u00e9l\u00e9brer avec vous le vendredi 18 octobre 2024. <\/p>\n\n\n\n<p>Retrouvez sur cette page toutes les informations concernant le programme et inscription.<\/p>\n\n\n\n<hr class=\"wp-block-separator has-alpha-channel-opacity is-style-wide is-style-wide--1\"\/>\n\n\n\n<h2 class=\"wp-block-heading has-text-align-center has-text-color has-link-color wp-elements-2463d9a07190286705aab49a78da389d\" style=\"color:#296976\">Programmes &amp; \u00e9v\u00e9nements<\/h2>\n\n\n\n<div style=\"height:53px\" aria-hidden=\"true\" class=\"wp-block-spacer\"><\/div>\n\n\n\n<div class=\"wp-block-columns is-layout-flex wp-container-core-columns-is-layout-28f84493 wp-block-columns-is-layout-flex\">\n<div class=\"wp-block-column is-layout-flow wp-block-column-is-layout-flow\">\n<figure class=\"wp-block-image aligncenter size-large is-resized\"><img decoding=\"async\" src=\"http:\/\/innovation-alzheimer.fr\/ohlala\/wp-content\/uploads\/2024\/06\/ceremonie-1024x1024.png\" alt=\"\" class=\"wp-image-2574\" style=\"width:311px;height:auto\"\/><\/figure>\n<\/div>\n\n\n\n<div class=\"wp-block-column is-layout-flow wp-block-column-is-layout-flow\">\n<h3 class=\"wp-block-heading has-text-align-center has-text-color has-link-color wp-elements-c22e1a854abe773e6bbc1594a69db75f\" style=\"color:#296976\">C\u00e9r\u00e9monie universitaire : Le DON d&rsquo;hier \u00e0 aujourd&rsquo;hui<\/h3>\n\n\n\n<p>En pr\u00e9sence de : Pr Jeanick Brisswalter (Pr\u00e9sident d&rsquo;Universit\u00e9 C\u00f4te d&rsquo;Azur),&nbsp;St\u00e9phane Azoulay (Vice-Pr\u00e9sident en charge du Conseil d&rsquo;Administration, des Moyens et du Patrimoine d&rsquo;Universit\u00e9 C\u00f4te d&rsquo;Azur) et &nbsp;Jean Dellamonica (Doyen de l&rsquo;UFR M\u00e9decine &#8211; Universit\u00e9 C\u00f4te d&rsquo;Azur)<\/p>\n\n\n\n<p>Avec la participation de : Pr Peggy Gatignol, Pr Tran Thi-Mai, Pr Auriane Gros, Pr Philippe Robert <\/p>\n\n\n\n<p><strong>O\u00f9 ?<\/strong> UFR de M\u00e9decine &#8211; 28, avenue de Valombrose, 06100 Nice<\/p>\n\n\n\n<p><strong>Quand ?<\/strong>  Vendredi 18 octobre &#8211; 17h00- 19h00<\/p>\n\n\n\n<p><strong>Comment ? <\/strong>Sur invitation uniquement <\/p>\n<\/div>\n<\/div>\n\n\n\n<p><\/p>\n\n\n\n<hr class=\"wp-block-separator has-alpha-channel-opacity\"\/>\n\n\n\n<div class=\"wp-block-columns is-layout-flex wp-container-core-columns-is-layout-28f84493 wp-block-columns-is-layout-flex\">\n<div class=\"wp-block-column is-layout-flow wp-block-column-is-layout-flow\">\n<figure class=\"wp-block-image aligncenter size-large is-resized\"><img decoding=\"async\" src=\"http:\/\/innovation-alzheimer.fr\/ohlala\/wp-content\/uploads\/2024\/06\/soiree-gala-1024x1024.png\" alt=\"\" class=\"wp-image-2575\" style=\"width:303px;height:auto\"\/><\/figure>\n<\/div>\n\n\n\n<div class=\"wp-block-column is-layout-flow wp-block-column-is-layout-flow\">\n<h3 class=\"wp-block-heading has-text-align-center has-text-color has-link-color wp-elements-d43763ab0c7bd5166faf334b76277885\" style=\"color:#296976\">Soir\u00e9e de gala<\/h3>\n\n\n\n<p>Venez c\u00e9l\u00e9brer les 50 ans du DON lors d&rsquo;une soir\u00e9e conviviale et festive: cocktail dinatoire, animations musicales, sketchs et retrouvailles &#8230; L&rsquo;occasion parfaite de se r\u00e9unir et d&rsquo;\u00e9voquer souvenirs et anecdotes ! <\/p>\n\n\n\n<p><strong>O\u00f9 ?<\/strong> Grand Ch\u00e2teau de Valrose &#8211; 28 avenue Valrose, 06000 Nice<\/p>\n\n\n\n<p><strong>Quand ?<\/strong> Vendredi 18 octobre &#8211; 20h00- 00h00<\/p>\n\n\n\n<p><strong>Comment ? <\/strong>Sur inscription obligatoire &#8211; 60\u20ac \/ personne &#8211; ouvert aux anciens \u00e9tudiants  (promos 1974-2024), enseignants, ma\u00eetres de stage, et \u00e9quipes du DON<\/p>\n<\/div>\n<\/div>\n\n\n\n<hr class=\"wp-block-separator has-alpha-channel-opacity\"\/>\n\n\n\n<div class=\"wp-block-columns is-layout-flex wp-container-core-columns-is-layout-28f84493 wp-block-columns-is-layout-flex\">\n<div class=\"wp-block-column is-layout-flow wp-block-column-is-layout-flow\">\n<figure class=\"wp-block-image aligncenter size-large is-resized\"><img decoding=\"async\" src=\"http:\/\/innovation-alzheimer.fr\/ohlala\/wp-content\/uploads\/2024\/08\/Soiree-et-cocktail-1024x1024.png\" alt=\"\" class=\"wp-image-2628\" style=\"width:303px;height:auto\"\/><\/figure>\n<\/div>\n\n\n\n<div class=\"wp-block-column is-layout-flow wp-block-column-is-layout-flow\">\n<h3 class=\"wp-block-heading has-text-align-center has-text-color has-link-color wp-elements-cf742fd60fe20c9685d0ccd444de69df\" style=\"color:#296976\">DON : le Flashback <\/h3>\n\n\n\n<p>Retour en images sur les 50 ann\u00e9es du DON&#8230;vu par ses anciens \u00e9tudiants !<\/p>\n\n\n\n<p>Partagez vos plus beaux souvenirs du DON en nous envoyant photos et vid\u00e9os de vos ann\u00e9es d&rsquo;\u00e9tude.<\/p>\n\n\n\n<p>Une compilation de toutes vos photos sera pr\u00e9sent\u00e9e lors de la Soir\u00e9e de Gala.<\/p>\n\n\n\n<p>Merci d&rsquo;envoyer vos photos, avant le 10 octobre \u00e0 <a href=\"mailto:departementorthophoniedenice@gmail.com\">departementorthophoniedenice@gmail.com<\/a> (ou via Wetransfer)<\/p>\n\n\n\n<p><\/p>\n<\/div>\n<\/div>\n\n\n\n<div style=\"height:59px\" aria-hidden=\"true\" class=\"wp-block-spacer\"><\/div>\n\n\n\n<div class=\"wp-block-buttons is-content-justification-center is-layout-flex wp-container-core-buttons-is-layout-a89b3969 wp-block-buttons-is-layout-flex\">\n<div class=\"wp-block-button has-custom-width wp-block-button__width-100 has-custom-font-size has-medium-font-size\"><a class=\"wp-block-button__link has-white-color has-text-color has-background has-link-color wp-element-button\" href=\"https:\/\/forms.gle\/HzuhWxer56JYnymB7\" style=\"background-color:#fcb900db\" target=\"_blank\" rel=\"noreferrer noopener\">Je m&rsquo;inscris \u00e0 la Soir\u00e9e de Gala<\/a><\/div>\n<\/div>\n\n\n\n<div style=\"height:31px\" aria-hidden=\"true\" class=\"wp-block-spacer\"><\/div>\n\n\n\n<p>Pour toute question ou compl\u00e9ment d&rsquo;information, merci d&rsquo;adresser vos demandes par mail \u00e0 : <a href=\"mailto:departementorthophoniedenice@gmail.com\">departementorthophoniedenice@gmail.com<\/a><\/p>\n\n\n\n<hr class=\"wp-block-separator has-alpha-channel-opacity is-style-wide is-style-wide--2\"\/>\n\n\n\n<div class=\"wp-block-columns is-layout-flex wp-container-core-columns-is-layout-28f84493 wp-block-columns-is-layout-flex\">\n<div class=\"wp-block-column is-vertically-aligned-center is-layout-flow wp-block-column-is-layout-flow\">\n<figure class=\"wp-block-image aligncenter size-full\"><img decoding=\"async\" src=\"http:\/\/innovation-alzheimer.fr\/ohlala\/wp-content\/uploads\/2024\/05\/images.jpeg\" alt=\"\" class=\"wp-image-2554\"\/><\/figure>\n<\/div>\n\n\n\n<div class=\"wp-block-column is-vertically-aligned-center is-layout-flow wp-block-column-is-layout-flow\">\n<figure class=\"wp-block-image size-medium is-resized\"><img decoding=\"async\" src=\"http:\/\/innovation-alzheimer.fr\/ohlala\/wp-content\/uploads\/2024\/05\/logo_UCA_faculte_medecine_side-300x42.png\" alt=\"\" class=\"wp-image-2555\" style=\"width:321px;height:auto\"\/><\/figure>\n<\/div>\n\n\n\n<div class=\"wp-block-column is-vertically-aligned-center is-layout-flow wp-block-column-is-layout-flow\">\n<figure class=\"wp-block-image aligncenter size-large is-resized\"><img decoding=\"async\" src=\"http:\/\/innovation-alzheimer.fr\/ohlala\/wp-content\/uploads\/2024\/06\/Bloc-marque-Marianne-UCA-03-1024x237.png\" alt=\"\" class=\"wp-image-2590\" style=\"width:307px;height:auto\"\/><\/figure>\n<\/div>\n<\/div>\n","protected":false},"excerpt":{"rendered":"<p>En 2024, le D\u00e9partement d&rsquo;Orthophonie de Nice (DON) f\u00eatera ses 50 ans d&rsquo;existence. Un anniversaire que nous serons heureux de c\u00e9l\u00e9brer avec vous le vendredi 18 octobre 2024. Retrouvez sur cette page toutes les informations concernant le programme et inscription. Programmes &amp; \u00e9v\u00e9nements C\u00e9r\u00e9monie universitaire : Le DON d&rsquo;hier \u00e0 aujourd&rsquo;hui En pr\u00e9sence de : [&hellip;]<\/p>\n","protected":false},"author":7,"featured_media":0,"parent":0,"menu_order":0,"comment_status":"closed","ping_status":"closed","template":"","meta":{"footnotes":""},"class_list":["post-2543","page","type-page","status-publish","hentry"],"_links":{"self":[{"href":"http:\/\/innovation-alzheimer.fr\/ohlala\/wp-json\/wp\/v2\/pages\/2543","targetHints":{"allow":["GET"]}}],"collection":[{"href":"http:\/\/innovation-alzheimer.fr\/ohlala\/wp-json\/wp\/v2\/pages"}],"about":[{"href":"http:\/\/innovation-alzheimer.fr\/ohlala\/wp-json\/wp\/v2\/types\/page"}],"author":[{"embeddable":true,"href":"http:\/\/innovation-alzheimer.fr\/ohlala\/wp-json\/wp\/v2\/users\/7"}],"replies":[{"embeddable":true,"href":"http:\/\/innovation-alzheimer.fr\/ohlala\/wp-json\/wp\/v2\/comments?post=2543"}],"version-history":[{"count":33,"href":"http:\/\/innovation-alzheimer.fr\/ohlala\/wp-json\/wp\/v2\/pages\/2543\/revisions"}],"predecessor-version":[{"id":2630,"href":"http:\/\/innovation-alzheimer.fr\/ohlala\/wp-json\/wp\/v2\/pages\/2543\/revisions\/2630"}],"wp:attachment":[{"href":"http:\/\/innovation-alzheimer.fr\/ohlala\/wp-json\/wp\/v2\/media?parent=2543"}],"curies":[{"name":"wp","href":"https:\/\/api.w.org\/{rel}","templated":true}]}}